{"id":27,"date":"2016-11-08T06:13:46","date_gmt":"2016-11-08T09:13:46","guid":{"rendered":"https:\/\/areiasrosa.thrivesolucoes.com.br\/?page_id=27"},"modified":"2020-09-16T16:58:58","modified_gmt":"2020-09-16T16:58:58","slug":"como-chegar","status":"publish","type":"page","link":"https:\/\/www.pousadaareiasdorosa.com.br\/es\/como-chegar\/","title":{"rendered":"Como llegar"},"content":{"rendered":"<div class=\"map_shortcode_wrapper\" id=\"map16002755381010850137\" style=\"width:100%;height:500px\">\n<div class=\"map-marker\" data-latlng=\"-28.124689,-48.652726\" ><\/div>\n<\/div>\n<div  class=\"one withsmallpadding ppb_text\" style=\"padding:30px 0 30px 0;\" >\n<div class=\"standard_wrapper\">\n<div class=\"page_content_wrapper\">\n<div class=\"inner\">\n<div style=\"margin:auto;width:100%\">\n<ul>\n<li>\n<h5>DE AVI\u00c3O \/ Por avi\u00f3n:<\/h5>\n<p>Estamos a aproximadamente 80 Km do Aeropuerto Herc\u00edlio Luz, em Florian\u00f3polis.<br \/>\n<em style=\"font-weight: bold;\">Estamos a aproximadamente 80 Km del Aeropuerto Herc\u00edlio Luz, en Florian\u00f3polis.<\/em><\/li>\n<li>\n<h5>DE CARRO \/ Por auto:<\/h5>\n<p>Chegando da BR 101 entrar no trevo de acesso a Garopaba (sa\u00edda 273).<br \/>\nN\u00e3o entre na primeira entrada a Praia do Rosa, (tem um cartaz), siga direto e em aproximadamente 2 km haver\u00e1 outra entrada (outro cartaz indicando Praia do Rosa) vire a direita.<br \/>\nSiga nesta rua aproximadamente 5 quil\u00f4metros, at\u00e9 chegar no supermercado Martins (lado esquerdo), em seguida haver\u00e1 uma divis\u00e3o de caminhos, vire a direita e siga direto at\u00e9 chegar no supermercado BEM PERTO (lado direito), vire a primeira rua a sua direita. Estamos no final da rua, na esquina do lado direito.<br \/>\n<em style=\"font-weight: bold;\">Llegando en la BR 101 entrar en el acceso a la ciudad de Garopaba (salida 273).<br \/>\nNo entre en el primero acceso a Praia do Rosa (hay un cartel), siga derecho y aproximadamente en 2 km habr\u00e1 otra entrada (otro cartel indicando Praia do Rosa) doble a la derecha.<br \/>\nSiga en esa calle aproximadamente 5 km, hasta llegar al supermercado Martins (lado izquierdo), en seguida habr\u00e1 una division de caminos, doble a la derecha, siga derecho, hasta llegar en el supermercado BEM PERTO (lado derecho), doble la primera calle a su derecha. Estamos en el final de la calle, en la esquina del lado derecho.<\/em><\/li>\n<\/ul>\n<\/div>\n<\/div>\n<\/div>\n<\/div>\n<\/div>\n","protected":false},"excerpt":{"rendered":"","protected":false},"author":1,"featured_media":0,"parent":0,"menu_order":0,"comment_status":"closed","ping_status":"closed","template":"","meta":{"sfsi_plus_gutenberg_text_before_share":"","sfsi_plus_gutenberg_show_text_before_share":"","sfsi_plus_gutenberg_icon_type":"","sfsi_plus_gutenberg_icon_alignemt":"","sfsi_plus_gutenburg_max_per_row":"","spay_email":""},"jetpack_shortlink":"https:\/\/wp.me\/PcgbzY-r","_links":{"self":[{"href":"https:\/\/www.pousadaareiasdorosa.com.br\/es\/wp-json\/wp\/v2\/pages\/27"}],"collection":[{"href":"https:\/\/www.pousadaareiasdorosa.com.br\/es\/wp-json\/wp\/v2\/pages"}],"about":[{"href":"https:\/\/www.pousadaareiasdorosa.com.br\/es\/wp-json\/wp\/v2\/types\/page"}],"author":[{"embeddable":true,"href":"https:\/\/www.pousadaareiasdorosa.com.br\/es\/wp-json\/wp\/v2\/users\/1"}],"replies":[{"embeddable":true,"href":"https:\/\/www.pousadaareiasdorosa.com.br\/es\/wp-json\/wp\/v2\/comments?post=27"}],"version-history":[{"count":0,"href":"https:\/\/www.pousadaareiasdorosa.com.br\/es\/wp-json\/wp\/v2\/pages\/27\/revisions"}],"wp:attachment":[{"href":"https:\/\/www.pousadaareiasdorosa.com.br\/es\/wp-json\/wp\/v2\/media?parent=27"}],"curies":[{"name":"wp","href":"https:\/\/api.w.org\/{rel}","templated":true}]}}