{"id":24,"date":"2016-11-08T06:13:06","date_gmt":"2016-11-08T09:13:06","guid":{"rendered":"https:\/\/areiasrosa.thrivesolucoes.com.br\/?page_id=24"},"modified":"2020-09-16T17:00:13","modified_gmt":"2020-09-16T17:00:13","slug":"experiencias","status":"publish","type":"page","link":"https:\/\/www.pousadaareiasdorosa.com.br\/es\/experiencias\/","title":{"rendered":"Experiencias"},"content":{"rendered":"<p><\/p>\n<div class=\"one\" style=\"padding: 30px 0 30px 0;\">\n<div class=\"standard_wrapper\">\n<div class=\"page_content_wrapper\">\n<div class=\"inner\">\n<div class=\"one_half\">\n<div class=\"image_classic_frame expand animate\">\n<div class=\"image_wrapper\"><a class=\"img_frame\" href=\"https:\/\/www.pousadaareiasdorosa.com.br\/wp-content\/uploads\/2016\/11\/Kitesurf.jpg\"><img class=\"portfolio_img\" src=\"https:\/\/www.pousadaareiasdorosa.com.br\/wp-content\/uploads\/2016\/11\/Kitesurf.jpg\" alt=\"\" \/><\/a><\/div>\n<\/div>\n<\/div>\n<div class=\"one_half last content_middle animate\">\n<p>&nbsp;<\/p>\n<h2>kitesurf<\/h2>\n<p>El kitesurf es un deporte de agua que utiliza una cometa y una tabla con un soporte para los pi\u00e9s . La persona con la cometa unida a la cintura, se pone arriba en el tablero y en el agua es impulsada por el viento y logra hacer varios saltos. La playa de Ibiraquera (apenas 3km de la Praia do Rosa) es ideal para la pr\u00e1ctica.<\/p>\n<\/div>\n<p>&nbsp;<\/p>\n<\/div>\n<\/div>\n<\/div>\n<\/div>\n<div class=\"one\" style=\"padding: 30px 0 30px 0;\">\n<div class=\"standard_wrapper\">\n<div class=\"page_content_wrapper\">\n<div class=\"inner\">\n<div class=\"one_half content_middle animate textright\">\n<p>&nbsp;<\/p>\n<h2>Surf<\/h2>\n<p>Las olas perfectas de Rosa hacen la alegr\u00eda de los surfistas durante todo el a\u00f1o . Para los principiantes la escuela de surf del capit\u00e1n David es la mejor opcion, maestro y surf con m\u00e1s de 15 a\u00f1os de dedicaci\u00f3n, sabe como nadie ayudar a los surfistas aprendizes.<\/p>\n<\/div>\n<div class=\"one_half last\">\n<div class=\"image_classic_frame expand animate\">\n<div class=\"image_wrapper\"><a class=\"img_frame\" href=\"https:\/\/www.pousadaareiasdorosa.com.br\/wp-content\/uploads\/2016\/11\/surf.jpg\"><img class=\"portfolio_img\" src=\"https:\/\/www.pousadaareiasdorosa.com.br\/wp-content\/uploads\/2016\/11\/surf.jpg\" alt=\"\" \/><\/a><\/div>\n<\/div>\n<\/div>\n<p>&nbsp;<\/p>\n<\/div>\n<\/div>\n<\/div>\n<\/div>\n<div class=\"one\" style=\"padding: 30px 0 30px 0;\">\n<div class=\"standard_wrapper\">\n<div class=\"page_content_wrapper\">\n<div class=\"inner\">\n<div class=\"one_half\">\n<div class=\"image_classic_frame expand animate\">\n<div class=\"image_wrapper\"><a class=\"img_frame\" href=\"https:\/\/www.pousadaareiasdorosa.com.br\/wp-content\/uploads\/2016\/11\/STAND-UP-PADDLE.jpg\"><img class=\"portfolio_img\" src=\"https:\/\/www.pousadaareiasdorosa.com.br\/wp-content\/uploads\/2016\/11\/STAND-UP-PADDLE.jpg\" alt=\"\" \/><\/a><\/div>\n<\/div>\n<\/div>\n<div class=\"one_half last content_middle animate\">\n<p>&nbsp;<\/p>\n<h2>Stand up Paddle<\/h2>\n<p>La nueva estrella del verano es una variante del surf, en que el practicante queda de pie sobre una tabla de surf, utilizando una paleta para desplazarse por el agua . Los lagos tranquilos de la regi\u00f3n son excelentes para la pr\u00e1ctica.<\/p>\n<\/div>\n<p>&nbsp;<\/p>\n<\/div>\n<\/div>\n<\/div>\n<\/div>\n<div class=\"one\" style=\"padding: 30px 0 30px 0;\">\n<div class=\"standard_wrapper\">\n<div class=\"page_content_wrapper\">\n<div class=\"inner\">\n<div class=\"one_half content_middle animate textright\">\n<p>&nbsp;<\/p>\n<h2>Windsurf<\/h2>\n<p>El windsurf es un deporte ol\u00edmpico practicado en la superficie del agua utilizando una tabla y la vela que necesitan propensi\u00f3n viento para mover. Adem\u00e1s de ser un modo profesional es tambi\u00e9n una actividad de pura adrenalina que s\u00f3lo la adici\u00f3n de agua y el viento puede proporcionar.<\/p>\n<\/div>\n<div class=\"one_half last\">\n<div class=\"image_classic_frame expand animate\">\n<div class=\"image_wrapper\"><a class=\"img_frame\" href=\"https:\/\/www.pousadaareiasdorosa.com.br\/wp-content\/uploads\/2016\/11\/WINDSURF.jpg\"><img class=\"portfolio_img\" src=\"https:\/\/www.pousadaareiasdorosa.com.br\/wp-content\/uploads\/2016\/11\/WINDSURF.jpg\" alt=\"\" \/><\/a><\/div>\n<\/div>\n<\/div>\n<p>&nbsp;<\/p>\n<\/div>\n<\/div>\n<\/div>\n<\/div>\n<div class=\"one\" style=\"padding: 30px 0 30px 0;\">\n<div class=\"standard_wrapper\">\n<div class=\"page_content_wrapper\">\n<div class=\"inner\">\n<div class=\"one_half\">\n<div class=\"image_classic_frame expand animate\">\n<div class=\"image_wrapper\"><a class=\"img_frame\" href=\"https:\/\/www.pousadaareiasdorosa.com.br\/wp-content\/uploads\/2016\/11\/cabalgatas.jpg\"><img class=\"portfolio_img\" src=\"https:\/\/www.pousadaareiasdorosa.com.br\/wp-content\/uploads\/2016\/11\/cabalgatas.jpg\" alt=\"\" \/><\/a><\/div>\n<\/div>\n<\/div>\n<div class=\"one_half last content_middle animate\">\n<p>&nbsp;<\/p>\n<h2>Cabalgatas<\/h2>\n<p>Las cabalgatas en Praia do Rosa son siempre encantadoras. Con la supervisi\u00f3n de un gu\u00eda calificado y caballos entrenados se puede disfrutar con tranquilidad y seguridad de los paisajes m\u00e1s bellos de la playa de Rosa , Luz , Ouvidor , Dunas, y Camino del Rey .<\/p>\n<\/div>\n<p>&nbsp;<\/p>\n<\/div>\n<\/div>\n<\/div>\n<\/div>\n<div class=\"one\" style=\"padding: 30px 0 30px 0;\">\n<div class=\"standard_wrapper\">\n<div class=\"page_content_wrapper\">\n<div class=\"inner\">\n<div class=\"one_half content_middle animate textright\">\n<p>&nbsp;<\/p>\n<h2>Ballenas<\/h2>\n<p>De julio a noviembre, las ballenas llegan a Praia do Rosa para un verdadero espect\u00e1culo de la naturaleza. En busca de aguas tranquilas para reproducirse y amamantar a sus cr\u00edas , nos ofrece una experiencia inolvidable . Las mam\u00e1s y sus \u201cpeque\u00f1os\u201d bebes pueden ser vistos desde la playa, colinas o viajes con barcos.<\/p>\n<\/div>\n<div class=\"one_half last\">\n<div class=\"image_classic_frame expand animate\">\n<div class=\"image_wrapper\"><a class=\"img_frame\" href=\"https:\/\/www.pousadaareiasdorosa.com.br\/wp-content\/uploads\/2016\/11\/ballenas.jpg\"><img class=\"portfolio_img\" src=\"https:\/\/www.pousadaareiasdorosa.com.br\/wp-content\/uploads\/2016\/11\/ballenas.jpg\" alt=\"\" \/><\/a><\/div>\n<\/div>\n<\/div>\n<p>&nbsp;<\/p>\n<\/div>\n<\/div>\n<\/div>\n<\/div>\n<div class=\"one\" style=\"padding: 30px 0 30px 0;\">\n<div class=\"standard_wrapper\">\n<div class=\"page_content_wrapper\">\n<div class=\"inner\">\n<div class=\"one_half\">\n<div class=\"image_classic_frame expand animate\">\n<div class=\"image_wrapper\"><a class=\"img_frame\" href=\"https:\/\/www.pousadaareiasdorosa.com.br\/wp-content\/uploads\/2016\/11\/senderos.jpg\"><img class=\"portfolio_img\" src=\"https:\/\/www.pousadaareiasdorosa.com.br\/wp-content\/uploads\/2016\/11\/senderos.jpg\" alt=\"\" \/><\/a><\/div>\n<\/div>\n<\/div>\n<div class=\"one_half last content_middle animate\">\n<p>&nbsp;<\/p>\n<h2>Senderos<\/h2>\n<p>En todas las playas de la zona existen senderos con diferentes niveles de dificultad , pero con el mismo n\u00edvel de belleza. Un visual \u00fanico de la naturaleza.<\/p>\n<\/div>\n<p>&nbsp;<\/p>\n<\/div>\n<\/div>\n<\/div>\n<\/div>\n<div class=\"one\" style=\"padding: 30px 0 30px 0;\">\n<div class=\"standard_wrapper\">\n<div class=\"page_content_wrapper\">\n<div class=\"inner\">\n<div class=\"one_half content_middle animate textright\">\n<p>&nbsp;<\/p>\n<h2>Sandboard<\/h2>\n<p>Deslizarse sentado en una tabla de surf en las dunas de arena fina y blanca en la hermosa playa de Ribanceira o del Ouvidor es pr\u00e1ctica divertida y emocionante en la regi\u00f3n. Para obligatoria!<\/p>\n<\/div>\n<div class=\"one_half last\">\n<div class=\"image_classic_frame expand animate\">\n<div class=\"image_wrapper\"><a class=\"img_frame\" href=\"https:\/\/www.pousadaareiasdorosa.com.br\/wp-content\/uploads\/2016\/11\/SANDBOARD.jpg\"><img class=\"portfolio_img\" src=\"https:\/\/www.pousadaareiasdorosa.com.br\/wp-content\/uploads\/2016\/11\/SANDBOARD.jpg\" alt=\"\" \/><\/a><\/div>\n<\/div>\n<\/div>\n<p>&nbsp;<\/p>\n<\/div>\n<\/div>\n<\/div>\n<\/div>\n<p><\/p>","protected":false},"excerpt":{"rendered":"","protected":false},"author":1,"featured_media":0,"parent":0,"menu_order":0,"comment_status":"closed","ping_status":"closed","template":"","meta":{"sfsi_plus_gutenberg_text_before_share":"","sfsi_plus_gutenberg_show_text_before_share":"","sfsi_plus_gutenberg_icon_type":"","sfsi_plus_gutenberg_icon_alignemt":"","sfsi_plus_gutenburg_max_per_row":"","spay_email":""},"jetpack_shortlink":"https:\/\/wp.me\/PcgbzY-o","_links":{"self":[{"href":"https:\/\/www.pousadaareiasdorosa.com.br\/es\/wp-json\/wp\/v2\/pages\/24"}],"collection":[{"href":"https:\/\/www.pousadaareiasdorosa.com.br\/es\/wp-json\/wp\/v2\/pages"}],"about":[{"href":"https:\/\/www.pousadaareiasdorosa.com.br\/es\/wp-json\/wp\/v2\/types\/page"}],"author":[{"embeddable":true,"href":"https:\/\/www.pousadaareiasdorosa.com.br\/es\/wp-json\/wp\/v2\/users\/1"}],"replies":[{"embeddable":true,"href":"https:\/\/www.pousadaareiasdorosa.com.br\/es\/wp-json\/wp\/v2\/comments?post=24"}],"version-history":[{"count":0,"href":"https:\/\/www.pousadaareiasdorosa.com.br\/es\/wp-json\/wp\/v2\/pages\/24\/revisions"}],"wp:attachment":[{"href":"https:\/\/www.pousadaareiasdorosa.com.br\/es\/wp-json\/wp\/v2\/media?parent=24"}],"curies":[{"name":"wp","href":"https:\/\/api.w.org\/{rel}","templated":true}]}}