{"id":18,"date":"2016-11-08T06:11:35","date_gmt":"2016-11-08T09:11:35","guid":{"rendered":"https:\/\/areiasrosa.thrivesolucoes.com.br\/?page_id=18"},"modified":"2020-09-16T17:02:26","modified_gmt":"2020-09-16T17:02:26","slug":"praia","status":"publish","type":"page","link":"https:\/\/www.pousadaareiasdorosa.com.br\/es\/praia\/","title":{"rendered":"Playa"},"content":{"rendered":"<p><\/p>\n<h2 class=\"ppb_title\" style=\"text-align: center;\">Praia do Rosa<\/h2>\n<hr class=\"title_break center\" \/>\n<div class=\"ppb_header_content\" style=\"text-align: center;\">\n<p>Conocida por los surfistas de la d\u00e9cada 70 y considerada una de las bah\u00edas m\u00e1s bellas del mundo por sus caracter\u00edsticas naturales, es admirada por la conservaci\u00f3n del medio ambiente y la observaci\u00f3n de las ballenas franca de junio a noviembre.<br \/>\nDispone de tres kil\u00f3metros de extensi\u00f3n, con arena blanca y formaci\u00f3n de dunas cerca del mar, as\u00ed como una laguna de agua tranquila que garantiza la diversi\u00f3n de los ni\u00f1os y la tranquilidad de los padres. La regi\u00f3n tambi\u00e9n tiene otras hermosas playas, cascadas y senderos. Venga enamorarse de las bellezas de Praia do Rosa!<\/p>\n<\/div>\n<p>&nbsp;<\/p>\n<p><div id=\"1777307969884317171\" class=\"portfolio_filter_wrapper portfolio-content content gallery two_cols wide\" data-columns=\"2\"><div class=\"element masonry  classic2_cols kenburns\"><div class=\"one_half gallery2 static filterable gallery_type animated1\"><a data-rel=\"photography_gallery_184\" data-title=\"\" data-desc=\"\" data-thumb=\"https:\/\/www.pousadaareiasdorosa.com.br\/wp-content\/uploads\/2016\/11\/1-300x180.jpg\" href=\"https:\/\/www.pousadaareiasdorosa.com.br\/wp-content\/uploads\/2016\/11\/1.jpg\"  class=\"fancy-gallery\"><img src=\"https:\/\/www.pousadaareiasdorosa.com.br\/wp-content\/uploads\/2016\/11\/1-705x423.jpg\" alt=\"\" class=\"preview\"\/><\/a><\/div><\/div><div class=\"element masonry  classic2_cols kenburns\"><div class=\"one_half gallery2 static filterable gallery_type animated2\"><a data-rel=\"photography_gallery_184\" data-title=\"\" data-desc=\"\" data-thumb=\"https:\/\/www.pousadaareiasdorosa.com.br\/wp-content\/uploads\/2016\/11\/3-1-300x180.jpg\" href=\"https:\/\/www.pousadaareiasdorosa.com.br\/wp-content\/uploads\/2016\/11\/3-1.jpg\"  class=\"fancy-gallery\"><img src=\"https:\/\/www.pousadaareiasdorosa.com.br\/wp-content\/uploads\/2016\/11\/3-1-705x423.jpg\" alt=\"\" class=\"preview\"\/><\/a><\/div><\/div><div class=\"element masonry  classic2_cols kenburns\"><div class=\"one_half gallery2 static filterable gallery_type animated3\"><a data-rel=\"photography_gallery_184\" data-title=\"\" data-desc=\"\" data-thumb=\"https:\/\/www.pousadaareiasdorosa.com.br\/wp-content\/uploads\/2016\/11\/9-300x180.jpg\" href=\"https:\/\/www.pousadaareiasdorosa.com.br\/wp-content\/uploads\/2016\/11\/9.jpg\"  class=\"fancy-gallery\"><img src=\"https:\/\/www.pousadaareiasdorosa.com.br\/wp-content\/uploads\/2016\/11\/9-705x423.jpg\" alt=\"\" class=\"preview\"\/><\/a><\/div><\/div><div class=\"element masonry  classic2_cols kenburns\"><div class=\"one_half gallery2 static filterable gallery_type animated4\"><a data-rel=\"photography_gallery_184\" data-title=\"\" data-desc=\"\" data-thumb=\"https:\/\/www.pousadaareiasdorosa.com.br\/wp-content\/uploads\/2016\/11\/8-300x180.jpg\" href=\"https:\/\/www.pousadaareiasdorosa.com.br\/wp-content\/uploads\/2016\/11\/8.jpg\"  class=\"fancy-gallery\"><img src=\"https:\/\/www.pousadaareiasdorosa.com.br\/wp-content\/uploads\/2016\/11\/8-705x423.jpg\" alt=\"\" class=\"preview\"\/><\/a><\/div><\/div><div class=\"element masonry  classic2_cols kenburns\"><div class=\"one_half gallery2 static filterable gallery_type animated5\"><a data-rel=\"photography_gallery_184\" data-title=\"Piscina natural Praia do Rosa\" data-desc=\"\" data-thumb=\"https:\/\/www.pousadaareiasdorosa.com.br\/wp-content\/uploads\/2016\/11\/6-300x180.jpg\" href=\"https:\/\/www.pousadaareiasdorosa.com.br\/wp-content\/uploads\/2016\/11\/6.jpg\"  class=\"fancy-gallery\"><img src=\"https:\/\/www.pousadaareiasdorosa.com.br\/wp-content\/uploads\/2016\/11\/6.jpg\" alt=\"\" class=\"preview\"\/><\/a><\/div><\/div><div class=\"element masonry  classic2_cols kenburns\"><div class=\"one_half gallery2 static filterable gallery_type animated6\"><a data-rel=\"photography_gallery_184\" data-title=\"\" data-desc=\"\" data-thumb=\"https:\/\/www.pousadaareiasdorosa.com.br\/wp-content\/uploads\/2016\/11\/7-300x180.jpg\" href=\"https:\/\/www.pousadaareiasdorosa.com.br\/wp-content\/uploads\/2016\/11\/7.jpg\"  class=\"fancy-gallery\"><img src=\"https:\/\/www.pousadaareiasdorosa.com.br\/wp-content\/uploads\/2016\/11\/7-705x423.jpg\" alt=\"\" class=\"preview\"\/><\/a><\/div><\/div><div class=\"element masonry  classic2_cols kenburns\"><div class=\"one_half gallery2 static filterable gallery_type animated7\"><a data-rel=\"photography_gallery_184\" data-title=\"\" data-desc=\"\" data-thumb=\"https:\/\/www.pousadaareiasdorosa.com.br\/wp-content\/uploads\/2016\/11\/praia-do-rosa-300x180.jpg\" href=\"https:\/\/www.pousadaareiasdorosa.com.br\/wp-content\/uploads\/2016\/11\/praia-do-rosa.jpg\"  class=\"fancy-gallery\"><img src=\"https:\/\/www.pousadaareiasdorosa.com.br\/wp-content\/uploads\/2016\/11\/praia-do-rosa.jpg\" alt=\"\" class=\"preview\"\/><\/a><\/div><\/div><\/div><\/p>","protected":false},"excerpt":{"rendered":"","protected":false},"author":1,"featured_media":0,"parent":0,"menu_order":0,"comment_status":"closed","ping_status":"closed","template":"","meta":{"sfsi_plus_gutenberg_text_before_share":"","sfsi_plus_gutenberg_show_text_before_share":"","sfsi_plus_gutenberg_icon_type":"","sfsi_plus_gutenberg_icon_alignemt":"","sfsi_plus_gutenburg_max_per_row":"","spay_email":""},"jetpack_shortlink":"https:\/\/wp.me\/PcgbzY-i","_links":{"self":[{"href":"https:\/\/www.pousadaareiasdorosa.com.br\/es\/wp-json\/wp\/v2\/pages\/18"}],"collection":[{"href":"https:\/\/www.pousadaareiasdorosa.com.br\/es\/wp-json\/wp\/v2\/pages"}],"about":[{"href":"https:\/\/www.pousadaareiasdorosa.com.br\/es\/wp-json\/wp\/v2\/types\/page"}],"author":[{"embeddable":true,"href":"https:\/\/www.pousadaareiasdorosa.com.br\/es\/wp-json\/wp\/v2\/users\/1"}],"replies":[{"embeddable":true,"href":"https:\/\/www.pousadaareiasdorosa.com.br\/es\/wp-json\/wp\/v2\/comments?post=18"}],"version-history":[{"count":0,"href":"https:\/\/www.pousadaareiasdorosa.com.br\/es\/wp-json\/wp\/v2\/pages\/18\/revisions"}],"wp:attachment":[{"href":"https:\/\/www.pousadaareiasdorosa.com.br\/es\/wp-json\/wp\/v2\/media?parent=18"}],"curies":[{"name":"wp","href":"https:\/\/api.w.org\/{rel}","templated":true}]}}